{"id":33,"date":"2024-09-06T08:49:26","date_gmt":"2024-09-06T08:49:26","guid":{"rendered":"https:\/\/hjemmeside.awork-designs.dk\/?page_id=33"},"modified":"2025-09-02T19:45:16","modified_gmt":"2025-09-02T19:45:16","slug":"kontakt","status":"publish","type":"page","link":"https:\/\/hjemmeside.awork-designs.dk\/index.php\/kontakt\/","title":{"rendered":"Test"},"content":{"rendered":"\t\t<div data-elementor-type=\"wp-page\" data-elementor-id=\"33\" class=\"elementor elementor-33\">\n\t\t\t\t<div class=\"elementor-element elementor-element-20c68b2 e-flex e-con-boxed e-con e-parent\" data-id=\"20c68b2\" data-element_type=\"container\">\n\t\t\t\t\t<div class=\"e-con-inner\">\n\t\t<div class=\"elementor-element elementor-element-748b585 e-con-full e-flex e-con e-child\" data-id=\"748b585\" data-element_type=\"container\">\n\t\t\t\t<div class=\"elementor-element elementor-element-4cf1098 elementor-widget elementor-widget-text-editor\" data-id=\"4cf1098\" data-element_type=\"widget\" data-widget_type=\"text-editor.default\">\n\t\t\t\t<div class=\"elementor-widget-container\">\n\t\t\t\t\t\t\t\t\t<h5>Webbureau og marketingbureau med +700 succesrige kunder.<\/h5><p>Siden 2012 har vi, som marketingbureau og webbureau, hjulpet adskillige virksomheder og det offentlige.<\/p><p>Med vores kompetencer og mange \u00e5rs erfaring som webbureau og indenfor online markedsf\u00f8ring er du alts\u00e5 garanteret en partner, der ved hvad der skal til for sikre at dig og din virksomhed v\u00e6kster online.\u00a0<\/p>\t\t\t\t\t\t\t\t<\/div>\n\t\t\t\t<\/div>\n\t\t\t\t<div class=\"elementor-element elementor-element-e8a2e46 elementor-widget elementor-widget-shortcode\" data-id=\"e8a2e46\" data-element_type=\"widget\" data-widget_type=\"shortcode.default\">\n\t\t\t\t<div class=\"elementor-widget-container\">\n\t\t\t\t\t\t\t<div class=\"elementor-shortcode\">       \n        <div class=\"cfa-contact-form-inherit-parent\">\n            <div class=\"cfa-contact-form\" id=\"cfa-form-69e213aa69463\">\n                <h3 style=\"color: #205E77\" class=\"cfa-headline-config\">Get in Touch With Us<\/h3>\n                <form class=\"cfa-form\" id=\"cfa-form-69e213aa69463-form\">\n                    \n                    <div class=\"cfa-form-grid\">\n                        <div class=\"cfa-form-group cfa-form-group--full\">\n                            \n                            <input \n                                type=\"text\" \n                                id=\"cfa-name\" \n                                name=\"name\" \n                                placeholder=\"Navn\"\n                                required\n                                >\n                        <\/div>\n                        \n                        <div class=\"cfa-form-group\">\n                            <input \n                                type=\"text\" \n                                id=\"cfa-company\" \n                                name=\"company\" \n                                placeholder=\"Selskab\"\n                                required\n                                >\n                        <\/div>\n                        \n                        <div class=\"cfa-form-group\">\n                            <input \n                                type=\"email\" \n                                id=\"cfa-email\" \n                                name=\"email\"\n                                placeholder=\"E-mail\"\n                                required\n                            >\n                        <\/div>\n                        \n                        <div class=\"cfa-form-group\">\n                            <input \n                            type=\"tel\" \n                            id=\"cfa-phone\" \n                            name=\"phone\"\n                            placeholder=\"Telefon\"\n                            required\n                            >\n                        <\/div>\n                        \n                        <div class=\"cfa-form-group cfa-form-group--full\">\n                            <textarea \n                                id=\"cfa-message\"\n                                name=\"message\"\n                                placeholder=\"Meddelelse\"\n                                required\n                                ><\/textarea>\n                        <\/div>\n\n                                            <\/div>\n                    \n                    <div class=\"cfa-form-footer\">\n                        <button \n                        type=\"submit\" \n                        class=\"cfa-submit-btn\"\n                        style=\"background-color:#42aed9;color:#ffffff\"\n                        >\n                            Indsend                        <\/button>\n                    <\/div>\n                <\/form>\n                \n                <div class=\"cfa-message\"><\/div>\n                \n                <div class=\"cfa-powered-by\">\n                    Formular af \n                    <a href=\"https:\/\/citizenone.dk\" target=\"_blank\">\n                        CitizenOne - Journalsystem med alt inklusiv\n                    <\/a>\n                <\/div>\n            <\/div>\n        <\/div>\n        <\/div>\n\t\t\t\t\t\t<\/div>\n\t\t\t\t<\/div>\n\t\t\t\t<\/div>\n\t\t<div class=\"elementor-element elementor-element-00e9023 e-con-full e-flex e-con e-child\" data-id=\"00e9023\" data-element_type=\"container\">\n\t\t\t\t<div class=\"elementor-element elementor-element-902479f elementor-widget elementor-widget-image\" data-id=\"902479f\" data-element_type=\"widget\" data-widget_type=\"image.default\">\n\t\t\t\t<div class=\"elementor-widget-container\">\n\t\t\t\t\t\t\t\t\t\t\t\t\t\t\t<img fetchpriority=\"high\" fetchpriority=\"high\" decoding=\"async\" width=\"548\" height=\"460\" src=\"https:\/\/hjemmeside.awork-designs.dk\/wp-content\/uploads\/2020\/07\/AWORK_red.png\" class=\"attachment-large size-large wp-image-8\" alt=\"AWORK Hjemmeside\" srcset=\"https:\/\/hjemmeside.awork-designs.dk\/wp-content\/uploads\/2020\/07\/AWORK_red.png 548w, https:\/\/hjemmeside.awork-designs.dk\/wp-content\/uploads\/2020\/07\/AWORK_red-480x403.png 480w\" sizes=\"(min-width: 0px) and (max-width: 480px) 480px, (min-width: 481px) 548px, 100vw\" \/>\t\t\t\t\t\t\t\t\t\t\t\t\t\t\t<\/div>\n\t\t\t\t<\/div>\n\t\t\t\t<\/div>\n\t\t\t\t\t<\/div>\n\t\t\t\t<\/div>\n\t\t\t\t<\/div>\n\t\t","protected":false},"excerpt":{"rendered":"<p>Webbureau og marketingbureau med +700 succesrige kunder. Siden 2012 har vi, som marketingbureau og webbureau, hjulpet adskillige virksomheder og det offentlige. Med vores kompetencer og mange \u00e5rs erfaring som webbureau og indenfor online markedsf\u00f8ring er du alts\u00e5 garanteret en partner, der ved hvad der skal til for sikre at dig og din virksomhed v\u00e6kster online.\u00a0<\/p>\n","protected":false},"author":1,"featured_media":0,"parent":0,"menu_order":0,"comment_status":"closed","ping_status":"closed","template":"","meta":{"_et_pb_use_builder":"","_et_pb_old_content":"","_et_gb_content_width":"","footnotes":""},"class_list":["post-33","page","type-page","status-publish","hentry"],"_links":{"self":[{"href":"https:\/\/hjemmeside.awork-designs.dk\/index.php\/wp-json\/wp\/v2\/pages\/33","targetHints":{"allow":["GET"]}}],"collection":[{"href":"https:\/\/hjemmeside.awork-designs.dk\/index.php\/wp-json\/wp\/v2\/pages"}],"about":[{"href":"https:\/\/hjemmeside.awork-designs.dk\/index.php\/wp-json\/wp\/v2\/types\/page"}],"author":[{"embeddable":true,"href":"https:\/\/hjemmeside.awork-designs.dk\/index.php\/wp-json\/wp\/v2\/users\/1"}],"replies":[{"embeddable":true,"href":"https:\/\/hjemmeside.awork-designs.dk\/index.php\/wp-json\/wp\/v2\/comments?post=33"}],"version-history":[{"count":16,"href":"https:\/\/hjemmeside.awork-designs.dk\/index.php\/wp-json\/wp\/v2\/pages\/33\/revisions"}],"predecessor-version":[{"id":64,"href":"https:\/\/hjemmeside.awork-designs.dk\/index.php\/wp-json\/wp\/v2\/pages\/33\/revisions\/64"}],"wp:attachment":[{"href":"https:\/\/hjemmeside.awork-designs.dk\/index.php\/wp-json\/wp\/v2\/media?parent=33"}],"curies":[{"name":"wp","href":"https:\/\/api.w.org\/{rel}","templated":true}]}}